{"id":2277,"date":"2024-07-02T11:17:50","date_gmt":"2024-07-02T15:17:50","guid":{"rendered":"https:\/\/carolinesimard.ca\/?page_id=2277"},"modified":"2025-07-14T08:59:04","modified_gmt":"2025-07-14T12:59:04","slug":"aurelie-st-pierre-paralegal","status":"publish","type":"page","link":"https:\/\/coulisses.carolinesimard.ca\/en\/lawyers\/aurelie-st-pierre-paralegal\/","title":{"rendered":"Aur\u00e9lie St-Pierre, paralegal"},"content":{"rendered":"\n<h2 class=\"wp-block-heading\">Aur\u00e9lie St-Pierre, paralegal<\/h2>\n\n\n\n<h3 class=\"wp-block-heading\">Training and professional career <\/h3>\n\n\n\n<p>Born in Gatineau and originally from Qu\u00e9bec\u2019s C\u00f4te-Nord region, I completed my studies in the Paralegal Program at the C\u00e9gep de l\u2019Outaouais. I am also pursuing my legal studies with a bachelor's degree in civil law, while working part-time as a paralegal, with the goal of becoming a lawyer. <\/p>\n\n\n\n<p>Having been part of a competitive cheerleading team for almost 10 years, I love challenges and have always wanted to work in a dynamic and stimulating field. My program of study and my competitive side quickly confirmed that this was the field for me. <\/p>\n\n\n\n<p>As part of my academic career, I participated in the Programme d'aide en fran\u00e7ais \u00e9crit, which enabled me to offer tutoring sessions to C\u00e9gep students experiencing academic difficulties. Furthermore, I also took part in the Mentoring Program, which consisted in welcoming new students admitted to the Paralegal Program.  <\/p>\n\n\n\n<h3 class=\"wp-block-heading\">Social involvement<\/h3>\n\n\n\n<p>I am also\ninvolved in the community. In recent years, I have accumulated over 100 hours\nof volunteer work with various organizations such as Aylmer Food Centre,\nMoisson Outaouais, SPCA de l\u2019Outaouais and many others. <\/p>\n\n\n\n<h3 class=\"wp-block-heading\">Leisure activities<\/h3>\n\n\n\n<p>In my spare\ntime, I enjoy life's little pleasures. I love immersing myself in a good novel\nor cooking new gourmet dishes.<\/p>\n","protected":false},"excerpt":{"rendered":"<p>Aur\u00e9lie St-Pierre, paralegal Training and professional career Born in Gatineau and originally from Qu\u00e9bec\u2019s C\u00f4te-Nord region, I completed my studies in the Paralegal Program at the C\u00e9gep de l\u2019Outaouais. I am also pursuing my legal studies with a bachelor&#8217;s degree in civil law, while working part-time as a paralegal, with the goal of becoming a [&hellip;]<\/p>\n","protected":false},"author":1,"featured_media":2336,"parent":151,"menu_order":0,"comment_status":"closed","ping_status":"closed","template":"template-avocats.php","meta":{"_acf_changed":false,"footnotes":""},"class_list":["post-2277","page","type-page","status-publish","has-post-thumbnail","hentry"],"acf":[],"yoast_head":"<!-- This site is optimized with the Yoast SEO plugin v27.1.1 - https:\/\/yoast.com\/product\/yoast-seo-wordpress\/ -->\n<title>Aur\u00e9lie St-Pierre, paralegal &#8211; Caroline Simard<\/title>\n<meta name=\"description\" content=\"Meet our team of lawyers! Aur\u00e9lie St-Pierre works with us as a paralegal.\" \/>\n<meta name=\"robots\" content=\"noindex, follow, max-snippet:-1, max-image-preview:large, max-video-preview:-1\" \/>\n<meta property=\"og:locale\" content=\"en_US\" \/>\n<meta property=\"og:type\" content=\"article\" \/>\n<meta property=\"og:title\" content=\"Aur\u00e9lie St-Pierre, paralegal &#8211; Caroline Simard\" \/>\n<meta property=\"og:description\" content=\"Meet our team of lawyers! Aur\u00e9lie St-Pierre works with us as a paralegal.\" \/>\n<meta property=\"og:url\" content=\"https:\/\/coulisses.carolinesimard.ca\/en\/lawyers\/aurelie-st-pierre-paralegal\/\" \/>\n<meta property=\"og:site_name\" content=\"Caroline Simard\" \/>\n<meta property=\"article:modified_time\" content=\"2025-07-14T12:59:04+00:00\" \/>\n<meta property=\"og:image\" content=\"https:\/\/coulisses.carolinesimard.ca\/wp-content\/uploads\/2025\/07\/img-AurelieStPierre2.jpg\" \/>\n\t<meta property=\"og:image:width\" content=\"2560\" \/>\n\t<meta property=\"og:image:height\" content=\"747\" \/>\n\t<meta property=\"og:image:type\" content=\"image\/jpeg\" \/>\n<meta name=\"twitter:card\" content=\"summary_large_image\" \/>\n<meta name=\"twitter:label1\" content=\"Est. reading time\" \/>\n\t<meta name=\"twitter:data1\" content=\"1 minute\" \/>\n<script type=\"application\/ld+json\" class=\"yoast-schema-graph\">{\"@context\":\"https:\/\/schema.org\",\"@graph\":[{\"@type\":\"WebPage\",\"@id\":\"https:\/\/coulisses.carolinesimard.ca\/en\/lawyers\/aurelie-st-pierre-paralegal\/\",\"url\":\"https:\/\/coulisses.carolinesimard.ca\/en\/lawyers\/aurelie-st-pierre-paralegal\/\",\"name\":\"Aur\u00e9lie St-Pierre, paralegal &#8211; Caroline Simard\",\"isPartOf\":{\"@id\":\"https:\/\/coulisses.carolinesimard.ca\/en\/#website\"},\"primaryImageOfPage\":{\"@id\":\"https:\/\/coulisses.carolinesimard.ca\/en\/lawyers\/aurelie-st-pierre-paralegal\/#primaryimage\"},\"image\":{\"@id\":\"https:\/\/coulisses.carolinesimard.ca\/en\/lawyers\/aurelie-st-pierre-paralegal\/#primaryimage\"},\"thumbnailUrl\":\"https:\/\/coulisses.carolinesimard.ca\/wp-content\/uploads\/2025\/07\/img-AurelieStPierre2.jpg\",\"datePublished\":\"2024-07-02T15:17:50+00:00\",\"dateModified\":\"2025-07-14T12:59:04+00:00\",\"description\":\"Meet our team of lawyers! Aur\u00e9lie St-Pierre works with us as a paralegal.\",\"breadcrumb\":{\"@id\":\"https:\/\/coulisses.carolinesimard.ca\/en\/lawyers\/aurelie-st-pierre-paralegal\/#breadcrumb\"},\"inLanguage\":\"en-US\",\"potentialAction\":[{\"@type\":\"ReadAction\",\"target\":[\"https:\/\/coulisses.carolinesimard.ca\/en\/lawyers\/aurelie-st-pierre-paralegal\/\"]}]},{\"@type\":\"ImageObject\",\"inLanguage\":\"en-US\",\"@id\":\"https:\/\/coulisses.carolinesimard.ca\/en\/lawyers\/aurelie-st-pierre-paralegal\/#primaryimage\",\"url\":\"https:\/\/coulisses.carolinesimard.ca\/wp-content\/uploads\/2025\/07\/img-AurelieStPierre2.jpg\",\"contentUrl\":\"https:\/\/coulisses.carolinesimard.ca\/wp-content\/uploads\/2025\/07\/img-AurelieStPierre2.jpg\",\"width\":2560,\"height\":747,\"caption\":\"Aur\u00e9lie St-Pierre, \u00e9tudiante en Techniques juridiques\"},{\"@type\":\"BreadcrumbList\",\"@id\":\"https:\/\/coulisses.carolinesimard.ca\/en\/lawyers\/aurelie-st-pierre-paralegal\/#breadcrumb\",\"itemListElement\":[{\"@type\":\"ListItem\",\"position\":1,\"name\":\"Home\",\"item\":\"https:\/\/coulisses.carolinesimard.ca\/en\/\"},{\"@type\":\"ListItem\",\"position\":2,\"name\":\"Lawyers\",\"item\":\"https:\/\/coulisses.carolinesimard.ca\/en\/avocats\/\"},{\"@type\":\"ListItem\",\"position\":3,\"name\":\"Aur\u00e9lie St-Pierre, paralegal\"}]},{\"@type\":\"WebSite\",\"@id\":\"https:\/\/coulisses.carolinesimard.ca\/en\/#website\",\"url\":\"https:\/\/coulisses.carolinesimard.ca\/en\/\",\"name\":\"Caroline Simard\",\"description\":\"\",\"potentialAction\":[{\"@type\":\"SearchAction\",\"target\":{\"@type\":\"EntryPoint\",\"urlTemplate\":\"https:\/\/coulisses.carolinesimard.ca\/en\/?s={search_term_string}\"},\"query-input\":{\"@type\":\"PropertyValueSpecification\",\"valueRequired\":true,\"valueName\":\"search_term_string\"}}],\"inLanguage\":\"en-US\"}]}<\/script>\n<!-- \/ Yoast SEO plugin. -->","yoast_head_json":{"title":"Aur\u00e9lie St-Pierre, paralegal &#8211; Caroline Simard","description":"Meet our team of lawyers! Aur\u00e9lie St-Pierre works with us as a paralegal.","robots":{"index":"noindex","follow":"follow","max-snippet":"max-snippet:-1","max-image-preview":"max-image-preview:large","max-video-preview":"max-video-preview:-1"},"og_locale":"en_US","og_type":"article","og_title":"Aur\u00e9lie St-Pierre, paralegal &#8211; Caroline Simard","og_description":"Meet our team of lawyers! Aur\u00e9lie St-Pierre works with us as a paralegal.","og_url":"https:\/\/coulisses.carolinesimard.ca\/en\/lawyers\/aurelie-st-pierre-paralegal\/","og_site_name":"Caroline Simard","article_modified_time":"2025-07-14T12:59:04+00:00","og_image":[{"width":2560,"height":747,"url":"https:\/\/coulisses.carolinesimard.ca\/wp-content\/uploads\/2025\/07\/img-AurelieStPierre2.jpg","type":"image\/jpeg"}],"twitter_card":"summary_large_image","twitter_misc":{"Est. reading time":"1 minute"},"schema":{"@context":"https:\/\/schema.org","@graph":[{"@type":"WebPage","@id":"https:\/\/coulisses.carolinesimard.ca\/en\/lawyers\/aurelie-st-pierre-paralegal\/","url":"https:\/\/coulisses.carolinesimard.ca\/en\/lawyers\/aurelie-st-pierre-paralegal\/","name":"Aur\u00e9lie St-Pierre, paralegal &#8211; Caroline Simard","isPartOf":{"@id":"https:\/\/coulisses.carolinesimard.ca\/en\/#website"},"primaryImageOfPage":{"@id":"https:\/\/coulisses.carolinesimard.ca\/en\/lawyers\/aurelie-st-pierre-paralegal\/#primaryimage"},"image":{"@id":"https:\/\/coulisses.carolinesimard.ca\/en\/lawyers\/aurelie-st-pierre-paralegal\/#primaryimage"},"thumbnailUrl":"https:\/\/coulisses.carolinesimard.ca\/wp-content\/uploads\/2025\/07\/img-AurelieStPierre2.jpg","datePublished":"2024-07-02T15:17:50+00:00","dateModified":"2025-07-14T12:59:04+00:00","description":"Meet our team of lawyers! Aur\u00e9lie St-Pierre works with us as a paralegal.","breadcrumb":{"@id":"https:\/\/coulisses.carolinesimard.ca\/en\/lawyers\/aurelie-st-pierre-paralegal\/#breadcrumb"},"inLanguage":"en-US","potentialAction":[{"@type":"ReadAction","target":["https:\/\/coulisses.carolinesimard.ca\/en\/lawyers\/aurelie-st-pierre-paralegal\/"]}]},{"@type":"ImageObject","inLanguage":"en-US","@id":"https:\/\/coulisses.carolinesimard.ca\/en\/lawyers\/aurelie-st-pierre-paralegal\/#primaryimage","url":"https:\/\/coulisses.carolinesimard.ca\/wp-content\/uploads\/2025\/07\/img-AurelieStPierre2.jpg","contentUrl":"https:\/\/coulisses.carolinesimard.ca\/wp-content\/uploads\/2025\/07\/img-AurelieStPierre2.jpg","width":2560,"height":747,"caption":"Aur\u00e9lie St-Pierre, \u00e9tudiante en Techniques juridiques"},{"@type":"BreadcrumbList","@id":"https:\/\/coulisses.carolinesimard.ca\/en\/lawyers\/aurelie-st-pierre-paralegal\/#breadcrumb","itemListElement":[{"@type":"ListItem","position":1,"name":"Home","item":"https:\/\/coulisses.carolinesimard.ca\/en\/"},{"@type":"ListItem","position":2,"name":"Lawyers","item":"https:\/\/coulisses.carolinesimard.ca\/en\/avocats\/"},{"@type":"ListItem","position":3,"name":"Aur\u00e9lie St-Pierre, paralegal"}]},{"@type":"WebSite","@id":"https:\/\/coulisses.carolinesimard.ca\/en\/#website","url":"https:\/\/coulisses.carolinesimard.ca\/en\/","name":"Caroline Simard","description":"","potentialAction":[{"@type":"SearchAction","target":{"@type":"EntryPoint","urlTemplate":"https:\/\/coulisses.carolinesimard.ca\/en\/?s={search_term_string}"},"query-input":{"@type":"PropertyValueSpecification","valueRequired":true,"valueName":"search_term_string"}}],"inLanguage":"en-US"}]}},"_links":{"self":[{"href":"https:\/\/coulisses.carolinesimard.ca\/en\/wp-json\/wp\/v2\/pages\/2277","targetHints":{"allow":["GET"]}}],"collection":[{"href":"https:\/\/coulisses.carolinesimard.ca\/en\/wp-json\/wp\/v2\/pages"}],"about":[{"href":"https:\/\/coulisses.carolinesimard.ca\/en\/wp-json\/wp\/v2\/types\/page"}],"author":[{"embeddable":true,"href":"https:\/\/coulisses.carolinesimard.ca\/en\/wp-json\/wp\/v2\/users\/1"}],"replies":[{"embeddable":true,"href":"https:\/\/coulisses.carolinesimard.ca\/en\/wp-json\/wp\/v2\/comments?post=2277"}],"version-history":[{"count":7,"href":"https:\/\/coulisses.carolinesimard.ca\/en\/wp-json\/wp\/v2\/pages\/2277\/revisions"}],"predecessor-version":[{"id":2342,"href":"https:\/\/coulisses.carolinesimard.ca\/en\/wp-json\/wp\/v2\/pages\/2277\/revisions\/2342"}],"up":[{"embeddable":true,"href":"https:\/\/coulisses.carolinesimard.ca\/en\/wp-json\/wp\/v2\/pages\/151"}],"wp:featuredmedia":[{"embeddable":true,"href":"https:\/\/coulisses.carolinesimard.ca\/en\/wp-json\/wp\/v2\/media\/2336"}],"wp:attachment":[{"href":"https:\/\/coulisses.carolinesimard.ca\/en\/wp-json\/wp\/v2\/media?parent=2277"}],"curies":[{"name":"wp","href":"https:\/\/api.w.org\/{rel}","templated":true}]}}