{"id":2320,"date":"2025-07-14T08:45:09","date_gmt":"2025-07-14T12:45:09","guid":{"rendered":"https:\/\/carolinesimard.ca\/?page_id=2320"},"modified":"2025-07-14T08:45:10","modified_gmt":"2025-07-14T12:45:10","slug":"angelique-cote-yelle-articling-law-student","status":"publish","type":"page","link":"https:\/\/coulisses.carolinesimard.ca\/en\/lawyers\/angelique-cote-yelle-articling-law-student\/","title":{"rendered":"Ang\u00e9lique C\u00f4t\u00e9-Yelle, articling law student"},"content":{"rendered":"\n<h2 class=\"wp-block-heading\">Ang\u00e9lique C\u00f4t\u00e9-Yelle, articling law student<\/h2>\n\n\n\n<h3 class=\"wp-block-heading\">Training and professional career<\/h3>\n\n\n\n<p>Originally from Mont\u00e9r\u00e9gie, I moved to Gatineau to complete my law degree at the the University of Ottawa. After obtaining my civil law degree in 2024, I continued my studies at the Bar School. Having successfully passed all three Bar exams, I am currently completing my articling period with M<sup>e<\/sup>  Caroline Simard's firm, with the aim of practicing as a lawyer in the Outaouais region.<\/p>\n\n\n\n<p>I am a driven and dynamic individual, known for my meticulous approach and strong listening skills. These qualities have drawn me to the legal profession since a young age.<\/p>\n\n\n\n<h3 class=\"wp-block-heading\">Social involvement<\/h3>\n\n\n\n<p>During my time at the University of Ottawa, I served as the Vice-President of Internal Affairs for the Animal Protection Association at the Faculty of Civil Law. This experience allowed me to advocate for a cause I deeply care about, while also honing my sense of initiative.  <\/p>\n\n\n\n<h3 class=\"wp-block-heading\">Leisure activities<\/h3>\n\n\n\n<p>In my spare time, I prioritize quality moments with loved ones. Outdoor sports, particularly running, are also an important part of my personal life. <\/p>\n","protected":false},"excerpt":{"rendered":"<p>Ang\u00e9lique C\u00f4t\u00e9-Yelle, articling law student Training and professional career Originally from Mont\u00e9r\u00e9gie, I moved to Gatineau to complete my law degree at the the University of Ottawa. After obtaining my civil law degree in 2024, I continued my studies at the Bar School. Having successfully passed all three Bar exams, I am currently completing my [&hellip;]<\/p>\n","protected":false},"author":1,"featured_media":2323,"parent":151,"menu_order":0,"comment_status":"closed","ping_status":"closed","template":"template-avocats.php","meta":{"_acf_changed":false,"footnotes":""},"class_list":["post-2320","page","type-page","status-publish","has-post-thumbnail","hentry"],"acf":[],"yoast_head":"<!-- This site is optimized with the Yoast SEO plugin v27.1.1 - https:\/\/yoast.com\/product\/yoast-seo-wordpress\/ -->\n<title>Ang\u00e9lique C\u00f4t\u00e9-Yelle, articling law student &#8211; Caroline Simard<\/title>\n<meta name=\"description\" content=\"Meet our team of lawyers! Ang\u00e9lique C\u00f4t\u00e9-Yelle works with us as an articling law student.\" \/>\n<meta name=\"robots\" content=\"noindex, follow, max-snippet:-1, max-image-preview:large, max-video-preview:-1\" \/>\n<meta property=\"og:locale\" content=\"en_US\" \/>\n<meta property=\"og:type\" content=\"article\" \/>\n<meta property=\"og:title\" content=\"Ang\u00e9lique C\u00f4t\u00e9-Yelle, articling law student &#8211; Caroline Simard\" \/>\n<meta property=\"og:description\" content=\"Meet our team of lawyers! Ang\u00e9lique C\u00f4t\u00e9-Yelle works with us as an articling law student.\" \/>\n<meta property=\"og:url\" content=\"https:\/\/coulisses.carolinesimard.ca\/en\/lawyers\/angelique-cote-yelle-articling-law-student\/\" \/>\n<meta property=\"og:site_name\" content=\"Caroline Simard\" \/>\n<meta property=\"article:modified_time\" content=\"2025-07-14T12:45:10+00:00\" \/>\n<meta property=\"og:image\" content=\"https:\/\/coulisses.carolinesimard.ca\/wp-content\/uploads\/2025\/07\/img-AngeliqueCoteYelle.jpg\" \/>\n\t<meta property=\"og:image:width\" content=\"2560\" \/>\n\t<meta property=\"og:image:height\" content=\"747\" \/>\n\t<meta property=\"og:image:type\" content=\"image\/jpeg\" \/>\n<meta name=\"twitter:card\" content=\"summary_large_image\" \/>\n<meta name=\"twitter:label1\" content=\"Est. reading time\" \/>\n\t<meta name=\"twitter:data1\" content=\"1 minute\" \/>\n<script type=\"application\/ld+json\" class=\"yoast-schema-graph\">{\"@context\":\"https:\/\/schema.org\",\"@graph\":[{\"@type\":\"WebPage\",\"@id\":\"https:\/\/coulisses.carolinesimard.ca\/en\/lawyers\/angelique-cote-yelle-articling-law-student\/\",\"url\":\"https:\/\/coulisses.carolinesimard.ca\/en\/lawyers\/angelique-cote-yelle-articling-law-student\/\",\"name\":\"Ang\u00e9lique C\u00f4t\u00e9-Yelle, articling law student &#8211; Caroline Simard\",\"isPartOf\":{\"@id\":\"https:\/\/coulisses.carolinesimard.ca\/en\/#website\"},\"primaryImageOfPage\":{\"@id\":\"https:\/\/coulisses.carolinesimard.ca\/en\/lawyers\/angelique-cote-yelle-articling-law-student\/#primaryimage\"},\"image\":{\"@id\":\"https:\/\/coulisses.carolinesimard.ca\/en\/lawyers\/angelique-cote-yelle-articling-law-student\/#primaryimage\"},\"thumbnailUrl\":\"https:\/\/coulisses.carolinesimard.ca\/wp-content\/uploads\/2025\/07\/img-AngeliqueCoteYelle.jpg\",\"datePublished\":\"2025-07-14T12:45:09+00:00\",\"dateModified\":\"2025-07-14T12:45:10+00:00\",\"description\":\"Meet our team of lawyers! Ang\u00e9lique C\u00f4t\u00e9-Yelle works with us as an articling law student.\",\"breadcrumb\":{\"@id\":\"https:\/\/coulisses.carolinesimard.ca\/en\/lawyers\/angelique-cote-yelle-articling-law-student\/#breadcrumb\"},\"inLanguage\":\"en-US\",\"potentialAction\":[{\"@type\":\"ReadAction\",\"target\":[\"https:\/\/coulisses.carolinesimard.ca\/en\/lawyers\/angelique-cote-yelle-articling-law-student\/\"]}]},{\"@type\":\"ImageObject\",\"inLanguage\":\"en-US\",\"@id\":\"https:\/\/coulisses.carolinesimard.ca\/en\/lawyers\/angelique-cote-yelle-articling-law-student\/#primaryimage\",\"url\":\"https:\/\/coulisses.carolinesimard.ca\/wp-content\/uploads\/2025\/07\/img-AngeliqueCoteYelle.jpg\",\"contentUrl\":\"https:\/\/coulisses.carolinesimard.ca\/wp-content\/uploads\/2025\/07\/img-AngeliqueCoteYelle.jpg\",\"width\":2560,\"height\":747,\"caption\":\"Ang\u00e9lique C\u00f4t\u00e9-Yelle, stagiaire en droit chez Caroline Simard avocate inc. \u00e0 Gatineau\"},{\"@type\":\"BreadcrumbList\",\"@id\":\"https:\/\/coulisses.carolinesimard.ca\/en\/lawyers\/angelique-cote-yelle-articling-law-student\/#breadcrumb\",\"itemListElement\":[{\"@type\":\"ListItem\",\"position\":1,\"name\":\"Home\",\"item\":\"https:\/\/coulisses.carolinesimard.ca\/en\/\"},{\"@type\":\"ListItem\",\"position\":2,\"name\":\"Lawyers\",\"item\":\"https:\/\/coulisses.carolinesimard.ca\/en\/avocats\/\"},{\"@type\":\"ListItem\",\"position\":3,\"name\":\"Ang\u00e9lique C\u00f4t\u00e9-Yelle, articling law student\"}]},{\"@type\":\"WebSite\",\"@id\":\"https:\/\/coulisses.carolinesimard.ca\/en\/#website\",\"url\":\"https:\/\/coulisses.carolinesimard.ca\/en\/\",\"name\":\"Caroline Simard\",\"description\":\"\",\"potentialAction\":[{\"@type\":\"SearchAction\",\"target\":{\"@type\":\"EntryPoint\",\"urlTemplate\":\"https:\/\/coulisses.carolinesimard.ca\/en\/?s={search_term_string}\"},\"query-input\":{\"@type\":\"PropertyValueSpecification\",\"valueRequired\":true,\"valueName\":\"search_term_string\"}}],\"inLanguage\":\"en-US\"}]}<\/script>\n<!-- \/ Yoast SEO plugin. -->","yoast_head_json":{"title":"Ang\u00e9lique C\u00f4t\u00e9-Yelle, articling law student &#8211; Caroline Simard","description":"Meet our team of lawyers! Ang\u00e9lique C\u00f4t\u00e9-Yelle works with us as an articling law student.","robots":{"index":"noindex","follow":"follow","max-snippet":"max-snippet:-1","max-image-preview":"max-image-preview:large","max-video-preview":"max-video-preview:-1"},"og_locale":"en_US","og_type":"article","og_title":"Ang\u00e9lique C\u00f4t\u00e9-Yelle, articling law student &#8211; Caroline Simard","og_description":"Meet our team of lawyers! Ang\u00e9lique C\u00f4t\u00e9-Yelle works with us as an articling law student.","og_url":"https:\/\/coulisses.carolinesimard.ca\/en\/lawyers\/angelique-cote-yelle-articling-law-student\/","og_site_name":"Caroline Simard","article_modified_time":"2025-07-14T12:45:10+00:00","og_image":[{"width":2560,"height":747,"url":"https:\/\/coulisses.carolinesimard.ca\/wp-content\/uploads\/2025\/07\/img-AngeliqueCoteYelle.jpg","type":"image\/jpeg"}],"twitter_card":"summary_large_image","twitter_misc":{"Est. reading time":"1 minute"},"schema":{"@context":"https:\/\/schema.org","@graph":[{"@type":"WebPage","@id":"https:\/\/coulisses.carolinesimard.ca\/en\/lawyers\/angelique-cote-yelle-articling-law-student\/","url":"https:\/\/coulisses.carolinesimard.ca\/en\/lawyers\/angelique-cote-yelle-articling-law-student\/","name":"Ang\u00e9lique C\u00f4t\u00e9-Yelle, articling law student &#8211; Caroline Simard","isPartOf":{"@id":"https:\/\/coulisses.carolinesimard.ca\/en\/#website"},"primaryImageOfPage":{"@id":"https:\/\/coulisses.carolinesimard.ca\/en\/lawyers\/angelique-cote-yelle-articling-law-student\/#primaryimage"},"image":{"@id":"https:\/\/coulisses.carolinesimard.ca\/en\/lawyers\/angelique-cote-yelle-articling-law-student\/#primaryimage"},"thumbnailUrl":"https:\/\/coulisses.carolinesimard.ca\/wp-content\/uploads\/2025\/07\/img-AngeliqueCoteYelle.jpg","datePublished":"2025-07-14T12:45:09+00:00","dateModified":"2025-07-14T12:45:10+00:00","description":"Meet our team of lawyers! Ang\u00e9lique C\u00f4t\u00e9-Yelle works with us as an articling law student.","breadcrumb":{"@id":"https:\/\/coulisses.carolinesimard.ca\/en\/lawyers\/angelique-cote-yelle-articling-law-student\/#breadcrumb"},"inLanguage":"en-US","potentialAction":[{"@type":"ReadAction","target":["https:\/\/coulisses.carolinesimard.ca\/en\/lawyers\/angelique-cote-yelle-articling-law-student\/"]}]},{"@type":"ImageObject","inLanguage":"en-US","@id":"https:\/\/coulisses.carolinesimard.ca\/en\/lawyers\/angelique-cote-yelle-articling-law-student\/#primaryimage","url":"https:\/\/coulisses.carolinesimard.ca\/wp-content\/uploads\/2025\/07\/img-AngeliqueCoteYelle.jpg","contentUrl":"https:\/\/coulisses.carolinesimard.ca\/wp-content\/uploads\/2025\/07\/img-AngeliqueCoteYelle.jpg","width":2560,"height":747,"caption":"Ang\u00e9lique C\u00f4t\u00e9-Yelle, stagiaire en droit chez Caroline Simard avocate inc. \u00e0 Gatineau"},{"@type":"BreadcrumbList","@id":"https:\/\/coulisses.carolinesimard.ca\/en\/lawyers\/angelique-cote-yelle-articling-law-student\/#breadcrumb","itemListElement":[{"@type":"ListItem","position":1,"name":"Home","item":"https:\/\/coulisses.carolinesimard.ca\/en\/"},{"@type":"ListItem","position":2,"name":"Lawyers","item":"https:\/\/coulisses.carolinesimard.ca\/en\/avocats\/"},{"@type":"ListItem","position":3,"name":"Ang\u00e9lique C\u00f4t\u00e9-Yelle, articling law student"}]},{"@type":"WebSite","@id":"https:\/\/coulisses.carolinesimard.ca\/en\/#website","url":"https:\/\/coulisses.carolinesimard.ca\/en\/","name":"Caroline Simard","description":"","potentialAction":[{"@type":"SearchAction","target":{"@type":"EntryPoint","urlTemplate":"https:\/\/coulisses.carolinesimard.ca\/en\/?s={search_term_string}"},"query-input":{"@type":"PropertyValueSpecification","valueRequired":true,"valueName":"search_term_string"}}],"inLanguage":"en-US"}]}},"_links":{"self":[{"href":"https:\/\/coulisses.carolinesimard.ca\/en\/wp-json\/wp\/v2\/pages\/2320","targetHints":{"allow":["GET"]}}],"collection":[{"href":"https:\/\/coulisses.carolinesimard.ca\/en\/wp-json\/wp\/v2\/pages"}],"about":[{"href":"https:\/\/coulisses.carolinesimard.ca\/en\/wp-json\/wp\/v2\/types\/page"}],"author":[{"embeddable":true,"href":"https:\/\/coulisses.carolinesimard.ca\/en\/wp-json\/wp\/v2\/users\/1"}],"replies":[{"embeddable":true,"href":"https:\/\/coulisses.carolinesimard.ca\/en\/wp-json\/wp\/v2\/comments?post=2320"}],"version-history":[{"count":2,"href":"https:\/\/coulisses.carolinesimard.ca\/en\/wp-json\/wp\/v2\/pages\/2320\/revisions"}],"predecessor-version":[{"id":2328,"href":"https:\/\/coulisses.carolinesimard.ca\/en\/wp-json\/wp\/v2\/pages\/2320\/revisions\/2328"}],"up":[{"embeddable":true,"href":"https:\/\/coulisses.carolinesimard.ca\/en\/wp-json\/wp\/v2\/pages\/151"}],"wp:featuredmedia":[{"embeddable":true,"href":"https:\/\/coulisses.carolinesimard.ca\/en\/wp-json\/wp\/v2\/media\/2323"}],"wp:attachment":[{"href":"https:\/\/coulisses.carolinesimard.ca\/en\/wp-json\/wp\/v2\/media?parent=2320"}],"curies":[{"name":"wp","href":"https:\/\/api.w.org\/{rel}","templated":true}]}}